{"id":11,"date":"2026-04-11T22:32:46","date_gmt":"2026-04-11T20:32:46","guid":{"rendered":"https:\/\/luxgelato.de\/?page_id=11"},"modified":"2026-04-20T15:29:31","modified_gmt":"2026-04-20T13:29:31","slug":"lux-gelato","status":"publish","type":"page","link":"https:\/\/luxgelato.de\/","title":{"rendered":"Lux Gelato"},"content":{"rendered":"\n<div class=\"wp-block-group has-background has-global-padding is-layout-constrained wp-container-core-group-is-layout-f7b04611 wp-block-group-is-layout-constrained\" style=\"border-top-left-radius:24px;border-top-right-radius:24px;border-bottom-left-radius:24px;border-bottom-right-radius:24px;background-color:#fbf9f6;margin-top:0;margin-bottom:0;padding-top:var(--wp--preset--spacing--10);padding-right:var(--wp--preset--spacing--10);padding-bottom:var(--wp--preset--spacing--10);padding-left:var(--wp--preset--spacing--10)\">\n<div class=\"wp-block-columns alignwide are-vertically-aligned-center is-layout-flex wp-container-core-columns-is-layout-28f84493 wp-block-columns-is-layout-flex\">\n<div class=\"wp-block-column is-vertically-aligned-center is-layout-flow wp-block-column-is-layout-flow\">\n<h2 class=\"wp-block-heading has-text-color has-link-color has-large-font-size wp-elements-c0d1f83d1182b5c8125c1832f4bee616\" style=\"color:#1b1b1b;padding-top:var(--wp--preset--spacing--10);padding-right:0;padding-bottom:var(--wp--preset--spacing--10);padding-left:0\">Eiswagen in D\u00fcsseldorf direkt buchen oder Event mit Service anfragen<\/h2>\n\n\n\n<p class=\"has-text-color has-link-color wp-elements-352f56e08d2b97a01a64195df79678f3\" style=\"color:#5c6673\">Mobiler Eiswagen-Service in D\u00fcsseldorf f\u00fcr Geburtstage, Firmenfeiern, Hochzeiten und private Events. Direkte Online-Buchung f\u00fcr Hausbesuche oder Anfrage f\u00fcr Events mit Service.<\/p>\n\n\n\n<div class=\"wp-block-buttons is-layout-flex wp-block-buttons-is-layout-flex\">\n<div class=\"wp-block-button\"><a class=\"wp-block-button__link has-base-2-color has-text-color has-background has-link-color wp-element-button\" href=\"https:\/\/eiswagen-direkt.fillout.com\/eiswagen-direkt-zu-ihnen-nach-hause\" style=\"border-top-left-radius:12px;border-top-right-radius:12px;border-bottom-left-radius:12px;border-bottom-right-radius:12px;background-color:#7ea6d1\" target=\"_blank\" rel=\"noopener\">Eiswagen direkt buchen<\/a><\/div>\n<\/div>\n\n\n\n<p class=\"has-text-color has-link-color wp-elements-f7fd1f963d8d94cc3d16ff186b67a6e8\" id=\"event-service\" style=\"color:#6f95bf\"><a href=\"#event-service\">Gro\u00dfevent oder Firma? Event mit Service anfragen<\/a><\/p>\n<\/div>\n\n\n\n<div class=\"wp-block-column is-vertically-aligned-center is-layout-flow wp-block-column-is-layout-flow\">\n<figure class=\"wp-block-image size-large has-custom-border\"><a href=\"https:\/\/forms.fillout.com\/t\/raHvg9gAe7us\" target=\"_blank\" rel=\"noopener\"><img loading=\"lazy\" decoding=\"async\" width=\"1024\" height=\"683\" src=\"https:\/\/luxgelato.de\/wp-content\/uploads\/2026\/04\/LuxGelatoEW-1-1024x683.jpeg\" alt=\"Lux Gelato Eiswagen in D\u00fcsseldorf\" class=\"wp-image-40\" style=\"border-top-left-radius:16px;border-top-right-radius:16px;border-bottom-left-radius:16px;border-bottom-right-radius:16px\" srcset=\"https:\/\/luxgelato.de\/wp-content\/uploads\/2026\/04\/LuxGelatoEW-1-1024x683.jpeg 1024w, https:\/\/luxgelato.de\/wp-content\/uploads\/2026\/04\/LuxGelatoEW-1-300x200.jpeg 300w, https:\/\/luxgelato.de\/wp-content\/uploads\/2026\/04\/LuxGelatoEW-1-768x512.jpeg 768w, https:\/\/luxgelato.de\/wp-content\/uploads\/2026\/04\/LuxGelatoEW-1-1200x800.jpeg 1200w, https:\/\/luxgelato.de\/wp-content\/uploads\/2026\/04\/LuxGelatoEW-1.jpeg 1536w\" sizes=\"auto, (max-width: 1024px) 100vw, 1024px\" \/><\/a><\/figure>\n<\/div>\n<\/div>\n<\/div>\n\n\n\n<div class=\"wp-block-group has-background has-global-padding is-layout-constrained wp-container-core-group-is-layout-c06d165c wp-block-group-is-layout-constrained\" style=\"border-top-left-radius:10px;border-top-right-radius:10px;border-bottom-left-radius:10px;border-bottom-right-radius:10px;background-color:#fbf9f6;padding-top:0;padding-right:0;padding-bottom:0;padding-left:0\">\n<h2 class=\"wp-block-heading\" id=\"event-service\">Event mit Service anfragen<\/h2>\n\n\n\n<div class=\"wp-block-group has-background has-global-padding is-layout-constrained wp-container-core-group-is-layout-d18aca2a wp-block-group-is-layout-constrained\" style=\"border-top-left-radius:24px;border-top-right-radius:24px;border-bottom-left-radius:24px;border-bottom-right-radius:24px;background-color:#fbf9f6;margin-top:0;margin-bottom:0;padding-top:var(--wp--preset--spacing--10);padding-right:var(--wp--preset--spacing--10);padding-bottom:var(--wp--preset--spacing--10);padding-left:var(--wp--preset--spacing--10)\">\n<div style=\"width:100%;height:500px;\" data-fillout-id=\"raHvg9gAe7us\" data-fillout-embed-type=\"standard\" data-fillout-inherit-parameters data-fillout-dynamic-resize><\/div><script src=\"https:\/\/server.fillout.com\/embed\/v1\/\"><\/script>\n<\/div>\n<\/div>\n\n\n\n<div class=\"wp-block-group has-background has-global-padding is-layout-constrained wp-container-core-group-is-layout-86dba5ee wp-block-group-is-layout-constrained\" style=\"border-top-left-radius:10px;border-top-right-radius:10px;border-bottom-left-radius:10px;border-bottom-right-radius:10px;background-color:#fbf9f6;padding-top:var(--wp--preset--spacing--10);padding-right:var(--wp--preset--spacing--10);padding-bottom:var(--wp--preset--spacing--10);padding-left:var(--wp--preset--spacing--10)\">\n<h2 class=\"wp-block-heading\">Mobiler Eiswagen in D\u00fcsseldorf<\/h2>\n\n\n\n<p>Lux Gelato bringt den Eiswagen direkt zu privaten Feiern, Geburtstagen, Firmenfeiern und besonderen Events in D\u00fcsseldorf und Umgebung.<\/p>\n<\/div>\n\n\n\n<div class=\"wp-block-group has-global-padding is-layout-constrained wp-block-group-is-layout-constrained\">\n<h2 class=\"wp-block-heading\">So funktioniert\u2019s<\/h2>\n\n\n\n<div class=\"wp-block-columns is-layout-flex wp-container-core-columns-is-layout-98a7266c wp-block-columns-is-layout-flex\" style=\"padding-top:0;padding-bottom:0\">\n<div class=\"wp-block-column has-background is-layout-flow wp-container-core-column-is-layout-888a9186 wp-block-column-is-layout-flow\" style=\"border-top-left-radius:18px;border-top-right-radius:18px;border-bottom-left-radius:18px;border-bottom-right-radius:18px;background-color:#eef3f7;padding-top:0;padding-right:var(--wp--preset--spacing--10);padding-bottom:0;padding-left:var(--wp--preset--spacing--10)\">\n<div class=\"wp-block-group has-background has-medium-font-size has-global-padding is-layout-constrained wp-container-core-group-is-layout-55918c90 wp-block-group-is-layout-constrained\" style=\"border-top-left-radius:16px;border-top-right-radius:16px;border-bottom-left-radius:16px;border-bottom-right-radius:16px;background-color:#f5f7fa;margin-top:0;margin-bottom:0\">\n<h2 class=\"wp-block-heading has-text-color has-link-color has-large-font-size wp-elements-8c444fedfc2c0299f9c3f455e48a4686\" style=\"color:#1b1b1b\">Direkt buchen<\/h2>\n\n\n\n<p class=\"has-text-color has-link-color wp-elements-d5f50c57752d40850513d892c274c64d\" style=\"color:#5c6673\">Datum und Startzeit w\u00e4hlen.<\/p>\n<\/div>\n<\/div>\n\n\n\n<div class=\"wp-block-column has-background is-layout-flow wp-block-column-is-layout-flow\" style=\"border-top-left-radius:18px;border-top-right-radius:18px;border-bottom-left-radius:18px;border-bottom-right-radius:18px;background-color:#eef3f7;padding-top:0;padding-right:var(--wp--preset--spacing--10);padding-bottom:0;padding-left:var(--wp--preset--spacing--10)\">\n<div class=\"wp-block-group has-background has-medium-font-size has-global-padding is-layout-constrained wp-container-core-group-is-layout-92b9201d wp-block-group-is-layout-constrained\" style=\"border-top-left-radius:16px;border-top-right-radius:16px;border-bottom-left-radius:16px;border-bottom-right-radius:16px;background-color:#f5f7fa\">\n<h2 class=\"wp-block-heading has-text-color has-link-color has-large-font-size wp-elements-faa6df19d21c52e12b7d86a7733a5fa5\" style=\"color:#1b1b1b\">Details eingeben<\/h2>\n\n\n\n<p class=\"has-text-color has-link-color wp-elements-ac4907b2f68f6cae3b00e21b0ed3a393\" style=\"color:#5c6673\">Adresse, Personen und W\u00fcnsche senden.<\/p>\n<\/div>\n<\/div>\n\n\n\n<div class=\"wp-block-column has-background is-layout-flow wp-container-core-column-is-layout-bf43075d wp-block-column-is-layout-flow\" style=\"border-top-left-radius:18px;border-top-right-radius:18px;border-bottom-left-radius:18px;border-bottom-right-radius:18px;background-color:#eef3f7;padding-right:var(--wp--preset--spacing--10);padding-left:var(--wp--preset--spacing--10)\">\n<div class=\"wp-block-group has-background has-medium-font-size has-global-padding is-layout-constrained wp-container-core-group-is-layout-92b9201d wp-block-group-is-layout-constrained\" style=\"border-top-left-radius:16px;border-top-right-radius:16px;border-bottom-left-radius:16px;border-bottom-right-radius:16px;background-color:#f5f7fa\">\n<h2 class=\"wp-block-heading has-text-color has-link-color has-large-font-size wp-elements-76644f3d42d4c33dca606c082670db00\" style=\"color:#1b1b1b\">Best\u00e4tigung erhalten<\/h2>\n\n\n\n<p class=\"has-text-color has-link-color wp-elements-3c5e8fd33f43b13991c0a2af571dadf1\" style=\"color:#5c6673\">Lux Gelato pr\u00fcft die Route und best\u00e4tigt schnell.<\/p>\n<\/div>\n<\/div>\n<\/div>\n<\/div>\n\n\n\n<div class=\"wp-block-group has-background has-global-padding is-layout-constrained wp-container-core-group-is-layout-e9588350 wp-block-group-is-layout-constrained\" style=\"border-top-left-radius:20px;border-top-right-radius:20px;border-bottom-left-radius:20px;border-bottom-right-radius:20px;background-color:#eef3f7;margin-top:var(--wp--preset--spacing--10);margin-bottom:var(--wp--preset--spacing--10);padding-top:var(--wp--preset--spacing--10);padding-right:0;padding-bottom:var(--wp--preset--spacing--10);padding-left:0\">\n<h2 class=\"wp-block-heading\">Kontakt &amp; schnelle R\u00fcckmeldung<\/h2>\n\n\n\n<p>E-Mail: <a href=\"mailto:info@luxgelato.de\">info@luxgelato.de<\/a><br>Telefon: <a href=\"tel:+4917622175208\" data-type=\"tel\" data-id=\"tel:+4917622175208\">+49 17622175208<\/a><\/p>\n<\/div>\n\n\n\n<p>F\u00fcr Gro\u00dfevents, Firmenanfragen oder Sonderw\u00fcnsche schreiben Sie uns direkt. Lux Gelato meldet sich schnellstm\u00f6glich zur\u00fcck.<\/p>\n\n\n\n<div class=\"wp-block-group has-text-color has-background has-link-color wp-elements-9c69a86fd4a387cf9f51a13d83bd7fc4 has-global-padding is-layout-constrained wp-container-core-group-is-layout-0942033c wp-block-group-is-layout-constrained\" style=\"color:#6f95bf;background-color:#fbf9f6;margin-top:var(--wp--preset--spacing--10);margin-bottom:var(--wp--preset--spacing--10);padding-top:0;padding-right:0;padding-bottom:0;padding-left:0\">\n<div class=\"wp-block-columns is-layout-flex wp-container-core-columns-is-layout-28f84493 wp-block-columns-is-layout-flex\">\n<div class=\"wp-block-column is-layout-flow wp-block-column-is-layout-flow\">\n<p><a href=\"https:\/\/luxgelato.de\/?page_id=146\" data-type=\"page\" data-id=\"146\">Impressum<\/a><\/p>\n<\/div>\n\n\n\n<div class=\"wp-block-column is-layout-flow wp-block-column-is-layout-flow\">\n<p><a href=\"https:\/\/luxgelato.de\/?page_id=148\" data-type=\"page\" data-id=\"148\">Datenschutz<\/a><\/p>\n<\/div>\n<\/div>\n<\/div>\n","protected":false},"excerpt":{"rendered":"<p>Eiswagen in D\u00fcsseldorf direkt buchen oder Event mit Service anfragen Mobiler Eiswagen-Service in D\u00fcsseldorf f\u00fcr Geburtstage, Firmenfeiern, Hochzeiten und private Events. Direkte Online-Buchung f\u00fcr Hausbesuche oder Anfrage f\u00fcr Events mit Service. Gro\u00dfevent oder Firma? Event mit Service anfragen Event mit Service anfragen Mobiler Eiswagen in D\u00fcsseldorf Lux Gelato bringt den Eiswagen direkt zu privaten Feiern, [&hellip;]<\/p>\n","protected":false},"author":1,"featured_media":88,"parent":0,"menu_order":0,"comment_status":"closed","ping_status":"closed","template":"","meta":{"footnotes":""},"class_list":["post-11","page","type-page","status-publish","has-post-thumbnail","hentry"],"jetpack_sharing_enabled":true,"_links":{"self":[{"href":"https:\/\/luxgelato.de\/index.php?rest_route=\/wp\/v2\/pages\/11","targetHints":{"allow":["GET"]}}],"collection":[{"href":"https:\/\/luxgelato.de\/index.php?rest_route=\/wp\/v2\/pages"}],"about":[{"href":"https:\/\/luxgelato.de\/index.php?rest_route=\/wp\/v2\/types\/page"}],"author":[{"embeddable":true,"href":"https:\/\/luxgelato.de\/index.php?rest_route=\/wp\/v2\/users\/1"}],"replies":[{"embeddable":true,"href":"https:\/\/luxgelato.de\/index.php?rest_route=%2Fwp%2Fv2%2Fcomments&post=11"}],"version-history":[{"count":84,"href":"https:\/\/luxgelato.de\/index.php?rest_route=\/wp\/v2\/pages\/11\/revisions"}],"predecessor-version":[{"id":194,"href":"https:\/\/luxgelato.de\/index.php?rest_route=\/wp\/v2\/pages\/11\/revisions\/194"}],"wp:featuredmedia":[{"embeddable":true,"href":"https:\/\/luxgelato.de\/index.php?rest_route=\/wp\/v2\/media\/88"}],"wp:attachment":[{"href":"https:\/\/luxgelato.de\/index.php?rest_route=%2Fwp%2Fv2%2Fmedia&parent=11"}],"curies":[{"name":"wp","href":"https:\/\/api.w.org\/{rel}","templated":true}]}}